{"id":100,"date":"2019-04-04T09:01:44","date_gmt":"2019-04-04T07:01:44","guid":{"rendered":"https:\/\/www.armin-helm.de\/?page_id=100"},"modified":"2019-04-08T18:45:12","modified_gmt":"2019-04-08T16:45:12","slug":"datenschutzerklaerung","status":"publish","type":"page","link":"https:\/\/www.armin-helm.de\/index.php\/datenschutzerklaerung\/","title":{"rendered":"Datenschutzerkl\u00e4rung"},"content":{"rendered":"\n<h4 class=\"wp-block-heading\"><strong>Allgemeiner Hinweis und Pflichtinformationen<\/strong><\/h4>\n\n\n\n<p><strong>Benennung der verantwortlichen Stelle<\/strong><\/p>\n\n\n\n<p>Die verantwortliche Stelle f\u00fcr die Datenverarbeitung auf dieser Website ist:<\/p>\n\n\n\n<p>Frank Zwick<br>Platanenstr. 10<br>65474 Bischofsheim<br><\/p>\n\n\n\n<p>Die verantwortliche Stelle \nentscheidet allein oder gemeinsam mit anderen \u00fcber die Zwecke und Mittel\n der Verarbeitung von personenbezogenen Daten (z.B. Namen, Kontaktdaten \no. \u00c4.).<\/p>\n\n\n\n<p><strong>Widerruf Ihrer Einwilligung zur Datenverarbeitung<\/strong><\/p>\n\n\n\n<p>Nur mit Ihrer ausdr\u00fccklichen \nEinwilligung sind einige Vorg\u00e4nge der Datenverarbeitung m\u00f6glich. Ein \nWiderruf Ihrer bereits erteilten Einwilligung ist jederzeit m\u00f6glich. F\u00fcr\n den Widerruf gen\u00fcgt eine formlose Mitteilung per E-Mail. Die \nRechtm\u00e4\u00dfigkeit der bis zum Widerruf erfolgten Datenverarbeitung bleibt \nvom Widerruf unber\u00fchrt.<\/p>\n\n\n\n<p><strong>Recht auf Beschwerde bei der zust\u00e4ndigen Aufsichtsbeh\u00f6rde<\/strong><\/p>\n\n\n\n<p>Als Betroffener steht Ihnen im Falle \neines datenschutzrechtlichen Versto\u00dfes ein Beschwerderecht bei der \nzust\u00e4ndigen Aufsichtsbeh\u00f6rde zu. Zust\u00e4ndige Aufsichtsbeh\u00f6rde bez\u00fcglich \ndatenschutzrechtlicher Fragen ist der Landesdatenschutzbeauftragte des \nBundeslandes, in dem sich der Sitz unseres Unternehmens befindet. Der \nfolgende Link stellt eine Liste der Datenschutzbeauftragten sowie deren \nKontaktdaten bereit: <a href=\"https:\/\/www.bfdi.bund.de\/DE\/Infothek\/Anschriften_Links\/anschriften_links-node.html\" target=\"_blank\" rel=\"noreferrer noopener\">https:\/\/www.bfdi.bund.de\/DE\/Infothek\/Anschriften_Links\/anschriften_links-node.html<\/a>.<\/p>\n\n\n\n<p><strong>Recht auf Daten\u00fcbertragbarkeit<\/strong><\/p>\n\n\n\n<p>Ihnen steht das Recht zu, Daten, die \nwir auf Grundlage Ihrer Einwilligung oder in Erf\u00fcllung eines Vertrags \nautomatisiert verarbeiten, an sich oder an Dritte aush\u00e4ndigen zu lassen.\n Die Bereitstellung erfolgt in einem maschinenlesbaren Format. Sofern \nSie die direkte \u00dcbertragung der Daten an einen anderen Verantwortlichen \nverlangen, erfolgt dies nur, soweit es technisch machbar ist.<\/p>\n\n\n\n<p><strong>Recht auf Auskunft, Berichtigung, Sperrung, L\u00f6schung<\/strong><\/p>\n\n\n\n<p>Sie haben jederzeit im Rahmen der \ngeltenden gesetzlichen Bestimmungen das Recht auf unentgeltliche \nAuskunft \u00fcber Ihre gespeicherten personenbezogenen Daten, Herkunft der \nDaten, deren Empf\u00e4nger und den Zweck der Datenverarbeitung und ggf. ein \nRecht auf Berichtigung, Sperrung oder L\u00f6schung dieser Daten. \nDiesbez\u00fcglich und auch zu weiteren Fragen zum Thema personenbezogene \nDaten k\u00f6nnen Sie sich jederzeit \u00fcber die im Impressum aufgef\u00fchrten \nKontaktm\u00f6glichkeiten an uns wenden.<\/p>\n\n\n\n<p><strong>SSL- bzw. TLS-Verschl\u00fcsselung<\/strong><\/p>\n\n\n\n<p>Aus Sicherheitsgr\u00fcnden und zum Schutz\n der \u00dcbertragung vertraulicher Inhalte, die Sie an uns als \nSeitenbetreiber senden, nutzt unsere Website eine SSL-bzw. \nTLS-Verschl\u00fcsselung. Damit sind Daten, die Sie \u00fcber diese Website \n\u00fcbermitteln, f\u00fcr Dritte nicht mitlesbar. Sie erkennen eine \nverschl\u00fcsselte Verbindung an der \u201ehttps:\/\/\u201c Adresszeile Ihres Browsers \nund am Schloss-Symbol in der Browserzeile.<\/p>\n\n\n\n<p><strong>Server-Log-Dateien<\/strong><\/p>\n\n\n\n<p>In Server-Log-Dateien erhebt und \nspeichert der Provider der Website automatisch Informationen, die Ihr \nBrowser automatisch an uns \u00fcbermittelt. Dies sind:<\/p>\n\n\n\n<ul class=\"wp-block-list\"><li>Browsertyp und Browserversion<\/li><li>Verwendetes Betriebssystem<\/li><li>Referrer URL<\/li><li>Hostname des zugreifenden Rechners<\/li><li>Uhrzeit der Serveranfrage<\/li><li>IP-Adresse<\/li><\/ul>\n\n\n\n<p>Es findet keine Zusammenf\u00fchrung \ndieser Daten mit anderen Datenquellen statt. Grundlage der \nDatenverarbeitung bildet Art. 6 Abs. 1 lit. b DSGVO, der die \nVerarbeitung von Daten zur Erf\u00fcllung eines Vertrags oder \nvorvertraglicher Ma\u00dfnahmen gestattet.<\/p>\n\n\n\n<p><strong>Kontaktformular<\/strong><\/p>\n\n\n\n<p>Per Kontaktformular \u00fcbermittelte  Daten werden einschlie\u00dflich Ihrer Kontaktdaten gespeichert, um Ihre Anfrage bearbeiten zu k\u00f6nnen oder um f\u00fcr Anschlussfragen bereitzustehen. Eine Weitergabe dieser Daten findet ohne Ihre Einwilligung nicht statt.<\/p>\n\n\n\n<p>Die Verarbeitung der in das \nKontaktformular eingegebenen Daten erfolgt ausschlie\u00dflich auf Grundlage \nIhrer Einwilligung (Art. 6 Abs. 1 lit. a DSGVO). Ein Widerruf Ihrer \nbereits erteilten Einwilligung ist jederzeit m\u00f6glich. F\u00fcr den Widerruf \ngen\u00fcgt eine formlose Mitteilung per E-Mail. Die Rechtm\u00e4\u00dfigkeit der bis \nzum Widerruf erfolgten Datenverarbeitungsvorg\u00e4nge bleibt vom Widerruf \nunber\u00fchrt.<\/p>\n\n\n\n<p>\u00dcber das Kontaktformular \u00fcbermittelte\n Daten verbleiben bei uns, bis Sie uns zur L\u00f6schung auffordern, Ihre \nEinwilligung zur Speicherung widerrufen oder keine Notwendigkeit der \nDatenspeicherung mehr besteht. Zwingende gesetzliche Bestimmungen &#8211; \ninsbesondere Aufbewahrungsfristen &#8211; bleiben unber\u00fchrt.<\/p>\n\n\n\n<p><strong>Cookies<\/strong><\/p>\n\n\n\n<p>Unsere Website verwendet Cookies. Das\n sind kleine Textdateien, die Ihr Webbrowser auf Ihrem Endger\u00e4t \nspeichert. Cookies helfen uns dabei, unser Angebot nutzerfreundlicher, \neffektiver und sicherer zu machen. <\/p>\n\n\n\n<p>Einige Cookies sind  \u201cSession-Cookies.\u201d Solche Cookies werden nach Ende Ihrer Browser-Sitzung  von selbst gel\u00f6scht. Hingegen bleiben andere Cookies auf Ihrem Endger\u00e4t  bestehen, bis Sie diese selbst l\u00f6schen. Solche Cookies helfen uns, Sie  bei R\u00fcckkehr auf  unserer Website wiederzuerkennen.<\/p>\n\n\n\n<p>Mit einem modernen Webbrowser k\u00f6nnen \nSie das Setzen von Cookies \u00fcberwachen, einschr\u00e4nken oder unterbinden. \nViele Webbrowser lassen sich so konfigurieren, dass Cookies mit dem \nSchlie\u00dfen des Programms von selbst gel\u00f6scht werden. Die Deaktivierung \nvon Cookies\n                                    kann eine eingeschr\u00e4nkte \nFunktionalit\u00e4t unserer Website zur Folge haben.<\/p>\n\n\n\n<p>Das Setzen von Cookies, die zur \nAus\u00fcbung elektronischer Kommunikationsvorg\u00e4nge oder der Bereitstellung \nbestimmter, von Ihnen erw\u00fcnschter Funktionen (z.B. Warenkorb) notwendig \nsind, erfolgt auf Grundlage von Art. 6 Abs. 1 lit. f DSGVO. Als \nBetreiber dieser\n                                    Website haben wir ein berechtigtes \nInteresse an der Speicherung von Cookies zur technisch fehlerfreien und \nreibungslosen Bereitstellung unserer Dienste. Sofern die Setzung anderer\n Cookies (z.B. f\u00fcr Analyse-Funktionen) erfolgt, werden diese in dieser\n                                    Datenschutzerkl\u00e4rung separat \nbehandelt.<\/p>\n\n\n\n<p style=\"text-align:left\"><strong>Verwendung von Facebook Social Plugins<\/strong>                             <\/p>\n\n\n\n<p>Auf unseren Seiten sind Plugins des sozialen Netzwerks<\/p>\n\n\n\n<p>Facebook, <br>1601 South California Avenue, Palo Alto, <br>CA 94304, USA <\/p>\n\n\n\n<p>integriert. Die Facebook-Plugins erkennen Sie an dem                              Facebook-Logo oder dem &#8222;Like-Button&#8220; (&#8222;Gef\u00e4llt mir\u201c) auf unserer Seite. Eine \u00dcbersicht \u00fcber die Facebook-Plugins finden Sie hier: http:\/\/developers.facebook.com\/docs\/plugins\/                                 <br>Wenn Sie unsere Seiten besuchen, wird \u00fcber das Plugin eine direkte Verbindung zwischen Ihrem Browser und dem Facebook-Server hergestellt. Facebook erh\u00e4lt dadurch die Information, dass Sie mit Ihrer IP-Adresse unsere Seite besucht haben. Wenn Sie den                                 Facebook \u201eLike-Button\u201c anklicken w\u00e4hrend Sie in Ihrem Facebook-Account eingeloggt sind, k\u00f6nnen Sie die Inhalte unserer Seiten auf Ihrem Facebook-Profil verlinken. Dadurch kann Facebook den Besuch unserer Seiten Ihrem Benutzerkonto zuordnen. Wir weisen darauf hin, dass wir als Anbieter der Seiten keine Kenntnis vom Inhalt der \u00fcbermittelten Daten sowie deren Nutzung durch Facebook erhalten. Weitere Informationen hierzu finden Sie in der Datenschutzerkl\u00e4rung von facebook unter <a href=\"https:\/\/de-de.facebook.com\/policy.php\">https:\/\/de-de.facebook.com\/policy.php<\/a>  Wenn Sie nicht w\u00fcnschen, dass Facebook  den Besuch unserer Seiten Ihrem Facebook-Nutzerkonto zuordnen kann,  loggen Sie sich bitte aus Ihrem Facebook-Benutzerkonto aus.                             <\/p>\n","protected":false},"excerpt":{"rendered":"<p>Allgemeiner Hinweis und Pflichtinformationen Benennung der verantwortlichen Stelle Die verantwortliche Stelle f\u00fcr die Datenverarbeitung auf dieser Website ist: Frank ZwickPlatanenstr. 1065474 Bischofsheim Die verantwortliche Stelle entscheidet allein oder gemeinsam mit anderen \u00fcber die Zwecke und Mittel der Verarbeitung von personenbezogenen Daten (z.B. Namen, Kontaktdaten o. \u00c4.). Widerruf Ihrer Einwilligung zur Datenverarbeitung Nur mit Ihrer ausdr\u00fccklichen &hellip; <a href=\"https:\/\/www.armin-helm.de\/index.php\/datenschutzerklaerung\/\" class=\"more-link\"><span class=\"screen-reader-text\">Datenschutzerkl\u00e4rung<\/span> weiterlesen<\/a><\/p>\n","protected":false},"author":1,"featured_media":0,"parent":0,"menu_order":0,"comment_status":"closed","ping_status":"closed","template":"","meta":{"footnotes":""},"class_list":["post-100","page","type-page","status-publish","hentry"],"_links":{"self":[{"href":"https:\/\/www.armin-helm.de\/index.php\/wp-json\/wp\/v2\/pages\/100","targetHints":{"allow":["GET"]}}],"collection":[{"href":"https:\/\/www.armin-helm.de\/index.php\/wp-json\/wp\/v2\/pages"}],"about":[{"href":"https:\/\/www.armin-helm.de\/index.php\/wp-json\/wp\/v2\/types\/page"}],"author":[{"embeddable":true,"href":"https:\/\/www.armin-helm.de\/index.php\/wp-json\/wp\/v2\/users\/1"}],"replies":[{"embeddable":true,"href":"https:\/\/www.armin-helm.de\/index.php\/wp-json\/wp\/v2\/comments?post=100"}],"version-history":[{"count":3,"href":"https:\/\/www.armin-helm.de\/index.php\/wp-json\/wp\/v2\/pages\/100\/revisions"}],"predecessor-version":[{"id":104,"href":"https:\/\/www.armin-helm.de\/index.php\/wp-json\/wp\/v2\/pages\/100\/revisions\/104"}],"wp:attachment":[{"href":"https:\/\/www.armin-helm.de\/index.php\/wp-json\/wp\/v2\/media?parent=100"}],"curies":[{"name":"wp","href":"https:\/\/api.w.org\/{rel}","templated":true}]}}