{"id":11,"date":"2016-11-24T14:38:05","date_gmt":"2016-11-24T13:38:05","guid":{"rendered":"https:\/\/www.armin-helm.de\/?page_id=11"},"modified":"2016-12-03T08:29:53","modified_gmt":"2016-12-03T07:29:53","slug":"kontakt","status":"publish","type":"page","link":"https:\/\/www.armin-helm.de\/index.php\/kontakt\/","title":{"rendered":"Kontakt"},"content":{"rendered":"<h2>Kontakt<\/h2>\n<p>Fragen, Anregungen, Kritik oder Lob k\u00f6nnen gerne \u00fcber das Kontaktformular an uns gesandt werden.<\/p>\n<p>Sollten Sie das Formular nicht nutzen wollen, k\u00f6nnen Sie uns auch direkt per Email kontaktieren: <a href=\"mailto:ufo@armin-helm.de\">ufo@armin-helm.de<\/a><\/p>\n<p>Wir freuen uns auf Ihre Nachricht!<\/p>\n<form id=\"vscf\" class=\"vscf-container\" method=\"post\">\r\n\t<div class=\"form-group vscf-name-group\">\r\n\t\t<label for=\"vscf_name\">Name: <span class=\"vscf-hide\" >Bitte mindestens zwei Zeichen eingeben<\/span><\/label>\r\n\t\t<input type=\"text\" name=\"vscf_name\" id=\"vscf_name\"  class=\"form-control\" value=\"\" aria-required=\"true\" \/>\r\n\t<\/div>\r\n\t<div class=\"form-group vscf-email-group\">\r\n\t\t<label for=\"vscf_email\">E-Mail: <span class=\"vscf-hide\" >Bitte eine g\u00fcltige E-Mail-Adresse eingeben<\/span><\/label>\r\n\t\t<input type=\"email\" name=\"vscf_email\" id=\"vscf_email\"  class=\"form-control\" value=\"\" aria-required=\"true\" \/>\r\n\t<\/div>\r\n\t\r\n\t\t<div class=\"form-group vscf-subject-group\">\r\n\t\t\t<label for=\"vscf_subject\">Betreff: <span class=\"vscf-hide\" >Bitte mindestens zwei Zeichen eingeben<\/span><\/label>\r\n\t\t\t<input type=\"text\" name=\"vscf_subject\" id=\"vscf_subject\"  class=\"form-control\" value=\"\" aria-required=\"true\" \/>\r\n\t\t<\/div>\r\n\t\r\n\t<div class=\"form-group vscf-captcha-group\">\r\n\t\t\r\n\t\t\t<label for=\"vscf_captcha\">Bitte 501 eingeben: <span class=\"vscf-hide\" >Bitte die angezeigte Zahl eingeben<\/span><\/label>\r\n\t\t\r\n\t\t<input type=\"text\" name=\"vscf_captcha\" id=\"vscf_captcha\"  class=\"form-control\" value=\"\" aria-required=\"true\" \/>\r\n\t\t\r\n\t\t\t<input type=\"hidden\" name=\"vscf_captcha_hidden_one\" id=\"vscf_captcha_hidden_one\" value=\"501\" \/>\r\n\t\t\t<input type=\"hidden\" name=\"vscf_captcha_hidden_two\" id=\"vscf_captcha_hidden_two\" value=\"0\" \/>\r\n\t\t\r\n\t<\/div>\r\n\t<div class=\"form-group vscf-hide\">\r\n\t\t<input type=\"text\" name=\"vscf_firstname\" id=\"vscf_firstname\" class=\"form-control\" value=\"\" \/>\r\n\t<\/div>\r\n\t<div class=\"form-group vscf-hide\">\r\n\t\t<input type=\"text\" name=\"vscf_lastname\" id=\"vscf_lastname\" class=\"form-control\" value=\"\" \/>\r\n\t<\/div>\r\n\t<div class=\"form-group vscf-message-group\">\r\n\t\t<label for=\"vscf_message\">Mitteilung: <span class=\"vscf-hide\" >Bitte mindestens zehn Zeichen eingeben<\/span><\/label>\r\n\t\t<textarea name=\"vscf_message\" id=\"vscf_message\" rows=\"10\"  class=\"form-control\" aria-required=\"true\"><\/textarea>\r\n\t<\/div>\r\n\t\r\n\t<div class=\"form-group vscf-hide\">\r\n\t\t<input type=\"hidden\" id=\"vscf_nonce\" name=\"vscf_nonce\" value=\"f65a76f047\" \/><input type=\"hidden\" name=\"_wp_http_referer\" value=\"\/index.php\/wp-json\/wp\/v2\/pages\/11\" \/>\r\n\t<\/div>\r\n\t<div class=\"form-group vscf-submit-group\">\r\n\t\t<button type=\"submit\" name=\"vscf_send\" id=\"vscf_send\" class=\"btn btn-primary\">Senden<\/button>\r\n\t<\/div>\r\n<\/form>\n","protected":false},"excerpt":{"rendered":"<p>Kontakt Fragen, Anregungen, Kritik oder Lob k\u00f6nnen gerne \u00fcber das Kontaktformular an uns gesandt werden. Sollten Sie das Formular nicht nutzen wollen, k\u00f6nnen Sie uns auch direkt per Email kontaktieren: ufo@armin-helm.de Wir freuen uns auf Ihre Nachricht!<\/p>\n","protected":false},"author":1,"featured_media":0,"parent":0,"menu_order":0,"comment_status":"closed","ping_status":"closed","template":"","meta":{"footnotes":""},"class_list":["post-11","page","type-page","status-publish","hentry"],"_links":{"self":[{"href":"https:\/\/www.armin-helm.de\/index.php\/wp-json\/wp\/v2\/pages\/11","targetHints":{"allow":["GET"]}}],"collection":[{"href":"https:\/\/www.armin-helm.de\/index.php\/wp-json\/wp\/v2\/pages"}],"about":[{"href":"https:\/\/www.armin-helm.de\/index.php\/wp-json\/wp\/v2\/types\/page"}],"author":[{"embeddable":true,"href":"https:\/\/www.armin-helm.de\/index.php\/wp-json\/wp\/v2\/users\/1"}],"replies":[{"embeddable":true,"href":"https:\/\/www.armin-helm.de\/index.php\/wp-json\/wp\/v2\/comments?post=11"}],"version-history":[{"count":6,"href":"https:\/\/www.armin-helm.de\/index.php\/wp-json\/wp\/v2\/pages\/11\/revisions"}],"predecessor-version":[{"id":74,"href":"https:\/\/www.armin-helm.de\/index.php\/wp-json\/wp\/v2\/pages\/11\/revisions\/74"}],"wp:attachment":[{"href":"https:\/\/www.armin-helm.de\/index.php\/wp-json\/wp\/v2\/media?parent=11"}],"curies":[{"name":"wp","href":"https:\/\/api.w.org\/{rel}","templated":true}]}}