{"id":6,"date":"2016-11-24T14:04:54","date_gmt":"2016-11-24T13:04:54","guid":{"rendered":"https:\/\/www.armin-helm.de\/?page_id=6"},"modified":"2016-11-27T14:34:45","modified_gmt":"2016-11-27T13:34:45","slug":"start","status":"publish","type":"page","link":"https:\/\/www.armin-helm.de\/","title":{"rendered":"Start"},"content":{"rendered":"<blockquote>\n<p style=\"text-align: center;\"><strong>Um an die Quelle zu kommen, muss man gegen den Strom schwimmen<\/strong><\/p>\n<\/blockquote>\n<p style=\"text-align: left;\"><strong>Armin Helm stand immer auf der Seite der Benachteiligten und setzte sich f\u00fcr diese ein.<\/strong><\/p>\n<p style=\"text-align: justify;\">Das Herausragende am Leben und Schaffen von Armin Helm ist nicht die gro\u00dfe Tat, der gesellschaftliche Bewunderung sicher war. Er war keiner, dem \u00f6ffentliche Bewunderung sicher war. Er war keiner, dem \u00f6ffentliche Ehre oder Auszeichnung zuteil wurden. Armin Helm gl\u00e4nzte vielmehr im Verborgenen, denn sein Engagement galt dem Kampf gegen Ungerechtigkeit und Unmenschlichkeit. Er besa\u00df kein Karrieredenken, sondern war ein Basisarbeiter, vielmehr ein Basis-Sozialarbeiter. Als Mitglied im Verband <a href=\"http:\/\/www.vereinigung-deutsch-auslaendische-solidaritaet.de\/wb\/pages\/home.php\">Deutsch-Ausl\u00e4ndische Solidarit\u00e4t (VDAS)<\/a> half er unz\u00e4hligen Menschen, sch\u00fctzte Ausl\u00e4nder vor der Abschiebung, setzte f\u00fcr sie Schrifts\u00e4tze auf und half ihnen bei der Arbeitssuche. Wie viele Ausl\u00e4ndern er in Notlagen half, ist unbekannt, denn Helm schm\u00fcckte sich nicht damit. Aber als er im Januar 2001 starb, war die Trauer unter den Ausl\u00e4ndern immens.<\/p>\n<p style=\"text-align: justify;\">Als Lehrer an der Integrierten Gesamtschule in Ginsheim hatte Helm die Gabe, seine Sch\u00fcler zu weit gr\u00f6\u00dferen Leistungen zu bef\u00e4higen, als andere P\u00e4dagogen f\u00fcr m\u00f6glich hielten. Er las mit ihnen klassische Literatur und besuchte und spielte Theater. Wohlbemerkt mit Kindern, die vorher kein Buch in die Hand genommen hatten. Vor allem aber vermittelte er Mitmenschlichkeit und Verst\u00e4ndnis f\u00fcreinander. Er war ein P\u00e4dagoge aus Leidenschaft.<\/p>\n<p style=\"text-align: justify;\">In allem ging es Helm mit erstaunlicher Geradlinigkeit, Konsequenz und ohne R\u00fccksicht auf eigene Nachteile vor. <strong>\u201eUm an die Quelle zu kommen, muss man gegen den Strom schwimmen\u201c<\/strong> lautete Helms Lebensmotto.<\/p>\n<p style=\"text-align: justify;\">Seine \u00e4u\u00dfere Erscheinung entsprach dem vollkommen, denn Armin Helm lie\u00df alles an sich wachsen: Haare, Bart und Fingern\u00e4gel. Wer damit nicht zurecht kam, hatte das Wesentliche nicht erkannt und auf den konnte er verzichten. \u201eEr wollte mit den Minderheiten leiden\u201c, sagte man.<\/p>\n<p style=\"text-align: justify;\">Armin Helm wuchs in einem R\u00fcsselsheimer Lehrerhaushalt auf. Seine Grundschullehrerin hielt ihn f\u00fcr hochbegabt und wird mit dieser Einsch\u00e4tzung Recht behalten haben. Er studierte so unterschiedliche F\u00e4cher wie Deutsch, Chemie, Musik und P\u00e4dagogik gleichzeitig, brachte er sich das Musizieren an Orgel, Klarinette und Saxophone selbst bei und blieb sein Leben lang Autodidakt. Mit der R\u00fcsselsheimer Band \u201eSoul-Survive\u201c finanzierte er sein Studium.<\/p>\n<p style=\"text-align: justify;\">Als Pazifist verweigerte er schon Ende der 60er Jahre in einem f\u00fcr ihn entw\u00fcrdigendem und belastendem Verfahren den Wehrdienst. Schon fr\u00fch entwickelte er ein tiefes Verst\u00e4ndnis f\u00fcr geschichtliche und gesellschaftliche Zusammenh\u00e4nge und f\u00fchrte eigne Studien durch.<\/p>\n<p style=\"text-align: justify;\">Armin Helm liebte R\u00fcsselsheim. Er k\u00e4mpfte f\u00fcr den Erhalt der Ochsengasse, wo Adam Opel seine erste Werkstatt hatte, und verlor den Kampf. Es ging ihm um einen Heimatkundebegriff und darum, das Historische im Modernen weiterleben zu lassen. Heute w\u00fcrde man ihm gewiss recht geben.<\/p>\n<p style=\"text-align: justify;\">Der freie Mitarbeiter des R\u00fcsselsheimer-ECHO`s gab die in Vergessenheit geratenen Mundartgedichte von Jakob Falk (1855 \u2013 1939) heraus und rechnete mit dem beliebten Heimatforscher Wilhelm Sturmfels ab, indem er nachwies, dass sich Sturmfels beim geistigen Gut anderer bedient hatte. In den B\u00e4nden \u201eR\u00fcsselsheimer Rundwege\u201c pr\u00e4sentiert Helm als Mitverfasser die Stadt und Ihre Geschichte auf eine bis dato ganz neue Art.<\/p>\n<p style=\"text-align: justify;\">In der Integrierten Gesamtschule in der Mainspitzgemeinde Ginsheim war sein projektbezogener Unterricht Vorbild f\u00fcr die Neuorientierung der Schule. Der Gedanke, Schulprojekte wie Betreiberfirmen zu organisieren, stammt von ihm. Inzwischen wird dieses Modell auch an vielen anderen Schulen praktiziert.<\/p>\n<p style=\"text-align: left;\"><em>R\u00fcsselsheimer-Echo, 28-08-2001, Madeleine Reckmann<\/em><\/p>\n","protected":false},"excerpt":{"rendered":"<p>Um an die Quelle zu kommen, muss man gegen den Strom schwimmen Armin Helm stand immer auf der Seite der Benachteiligten und setzte sich f\u00fcr diese ein. Das Herausragende am Leben und Schaffen von Armin Helm ist nicht die gro\u00dfe Tat, der gesellschaftliche Bewunderung sicher war. Er war keiner, dem \u00f6ffentliche Bewunderung sicher war. Er &hellip; <a href=\"https:\/\/www.armin-helm.de\/\" class=\"more-link\"><span class=\"screen-reader-text\">Start<\/span> weiterlesen<\/a><\/p>\n","protected":false},"author":1,"featured_media":0,"parent":0,"menu_order":0,"comment_status":"closed","ping_status":"closed","template":"","meta":{"footnotes":""},"class_list":["post-6","page","type-page","status-publish","hentry"],"_links":{"self":[{"href":"https:\/\/www.armin-helm.de\/index.php\/wp-json\/wp\/v2\/pages\/6","targetHints":{"allow":["GET"]}}],"collection":[{"href":"https:\/\/www.armin-helm.de\/index.php\/wp-json\/wp\/v2\/pages"}],"about":[{"href":"https:\/\/www.armin-helm.de\/index.php\/wp-json\/wp\/v2\/types\/page"}],"author":[{"embeddable":true,"href":"https:\/\/www.armin-helm.de\/index.php\/wp-json\/wp\/v2\/users\/1"}],"replies":[{"embeddable":true,"href":"https:\/\/www.armin-helm.de\/index.php\/wp-json\/wp\/v2\/comments?post=6"}],"version-history":[{"count":4,"href":"https:\/\/www.armin-helm.de\/index.php\/wp-json\/wp\/v2\/pages\/6\/revisions"}],"predecessor-version":[{"id":28,"href":"https:\/\/www.armin-helm.de\/index.php\/wp-json\/wp\/v2\/pages\/6\/revisions\/28"}],"wp:attachment":[{"href":"https:\/\/www.armin-helm.de\/index.php\/wp-json\/wp\/v2\/media?parent=6"}],"curies":[{"name":"wp","href":"https:\/\/api.w.org\/{rel}","templated":true}]}}